{"id":157,"date":"2017-09-12T20:40:33","date_gmt":"2017-09-12T18:40:33","guid":{"rendered":"http:\/\/diaspora-tn.org\/mli\/?page_id=157"},"modified":"2017-09-12T20:40:33","modified_gmt":"2017-09-12T18:40:33","slug":"157-2","status":"publish","type":"page","link":"https:\/\/mliprod.com\/index.php\/157-2\/","title":{"rendered":"Montages Vid\u00e9os"},"content":{"rendered":"<p>[et_pb_section bb_built=&#8221;1&#8243; admin_label=&#8221;section&#8221; _builder_version=&#8221;3.0.49&#8243; background_image=&#8221;http:\/\/mliprod.com\/wp-content\/uploads\/2017\/09\/post-production-1.jpg&#8221;][et_pb_row admin_label=&#8221;Ligne&#8221; background_position=&#8221;top_left&#8221; background_repeat=&#8221;repeat&#8221; background_size=&#8221;initial&#8221; _builder_version=&#8221;3.0.49&#8243; background_position_1=&#8221;top_left&#8221; background_repeat_1=&#8221;no-repeat&#8221; make_equal=&#8221;on&#8221;][et_pb_column type=&#8221;4_4&#8243;][et_pb_cta admin_label=&#8221;Appel d&#8217;action&#8221; _builder_version=&#8221;3.0.49&#8243; title=&#8221;Montages Vid\u00e9os&#8221; url_new_window=&#8221;off&#8221; use_background_color=&#8221;on&#8221; background_layout=&#8221;dark&#8221; border_style=&#8221;solid&#8221; custom_button=&#8221;off&#8221; button_letter_spacing=&#8221;0&#8243; button_icon_placement=&#8221;right&#8221; button_letter_spacing_hover=&#8221;0&#8243; header_font_size=&#8221;32&#8243; body_font_size=&#8221;1&#8243; body_line_height=&#8221;1.1em&#8221; custom_margin=&#8221;-50px|||&#8221; \/][\/et_pb_column][\/et_pb_row][et_pb_row admin_label=&#8221;row&#8221; _builder_version=&#8221;3.0.49&#8243; background_size=&#8221;initial&#8221; background_position=&#8221;top_left&#8221; background_repeat=&#8221;repeat&#8221; background_color=&#8221;#00a8ff&#8221;][et_pb_column type=&#8221;1_4&#8243;][et_pb_cta admin_label=&#8221;Appel d&#8217;action&#8221; button_text=&#8221;SCENARIO&#8221; _builder_version=&#8221;3.0.49&#8243; title=&#8221;SCENARIO&#8221;]<\/p>\n<p><img loading=\"lazy\" decoding=\"async\" class=\"alignnone size-full wp-image-158\" src=\"http:\/\/mliprod.com\/wp-content\/uploads\/2017\/09\/realisation-ico-300x300.png\" alt=\"\" width=\"300\" height=\"300\" srcset=\"https:\/\/mliprod.com\/wp-content\/uploads\/2017\/09\/realisation-ico-300x300.png 300w, https:\/\/mliprod.com\/wp-content\/uploads\/2017\/09\/realisation-ico-300x300-150x150.png 150w\" sizes=\"(max-width: 300px) 100vw, 300px\" \/><\/p>\n<p>De l\u2019id\u00e9e \u00e0 la mise en forme sur papier<\/p>\n<p>[\/et_pb_cta][\/et_pb_column][et_pb_column type=&#8221;1_4&#8243;][et_pb_cta admin_label=&#8221;Appel d&#8217;action&#8221; title=&#8221;TOURNAGE&#8221; _builder_version=&#8221;3.0.49&#8243;]<\/p>\n<p><img loading=\"lazy\" decoding=\"async\" class=\"wp-image-159 alignnone size-full\" src=\"http:\/\/mliprod.com\/wp-content\/uploads\/2017\/09\/tournage-300x300.png\" alt=\"\" width=\"300\" height=\"300\" srcset=\"https:\/\/mliprod.com\/wp-content\/uploads\/2017\/09\/tournage-300x300.png 300w, https:\/\/mliprod.com\/wp-content\/uploads\/2017\/09\/tournage-300x300-150x150.png 150w\" sizes=\"(max-width: 300px) 100vw, 300px\" \/><\/p>\n<p>La conception des images et du son<\/p>\n<p>[\/et_pb_cta][\/et_pb_column][et_pb_column type=&#8221;1_4&#8243;][et_pb_cta admin_label=&#8221;Appel d&#8217;action&#8221; title=&#8221;MONTAGE&#8221; _builder_version=&#8221;3.0.49&#8243;]<\/p>\n<p><img loading=\"lazy\" decoding=\"async\" class=\"wp-image-160 alignnone size-full\" src=\"http:\/\/mliprod.com\/wp-content\/uploads\/2017\/09\/montage-300x300.png\" alt=\"\" width=\"300\" height=\"300\" srcset=\"https:\/\/mliprod.com\/wp-content\/uploads\/2017\/09\/montage-300x300.png 300w, https:\/\/mliprod.com\/wp-content\/uploads\/2017\/09\/montage-300x300-150x150.png 150w\" sizes=\"(max-width: 300px) 100vw, 300px\" \/><\/p>\n<p>La r\u00e9alisation sur station de montage num\u00e9rique<\/p>\n<p>[\/et_pb_cta][\/et_pb_column][et_pb_column type=&#8221;1_4&#8243;][et_pb_cta admin_label=&#8221;Appel d&#8217;action&#8221; title=&#8221;ENCODAGE&#8221; _builder_version=&#8221;3.0.49&#8243;]<\/p>\n<p><img loading=\"lazy\" decoding=\"async\" class=\"wp-image-161 alignnone size-full\" src=\"http:\/\/mliprod.com\/wp-content\/uploads\/2017\/09\/encodage-300x300.png\" alt=\"\" width=\"300\" height=\"300\" srcset=\"https:\/\/mliprod.com\/wp-content\/uploads\/2017\/09\/encodage-300x300.png 300w, https:\/\/mliprod.com\/wp-content\/uploads\/2017\/09\/encodage-300x300-150x150.png 150w\" sizes=\"(max-width: 300px) 100vw, 300px\" \/><\/p>\n<p>L\u2019\u00e9dition du montage en format de diffusion<\/p>\n<p>[\/et_pb_cta][\/et_pb_column][\/et_pb_row][\/et_pb_section][et_pb_section bb_built=&#8221;1&#8243; admin_label=&#8221;Section&#8221; _builder_version=&#8221;3.0.49&#8243;][et_pb_row admin_label=&#8221;row&#8221; _builder_version=&#8221;3.0.49&#8243;][et_pb_column type=&#8221;4_4&#8243;][et_pb_cta admin_label=&#8221;Appel d&#8217;action&#8221; title=&#8221;Agence Creatrice de vid\u00e9os&#8221; background_color=&#8221;#c4002a&#8221; _builder_version=&#8221;3.0.49&#8243; custom_margin=&#8221;-80px|||&#8221; \/][\/et_pb_column][\/et_pb_row][et_pb_row admin_label=&#8221;row&#8221; _builder_version=&#8221;3.0.49&#8243; background_position_1=&#8221;top_left&#8221; background_repeat_1=&#8221;no-repeat&#8221; background_position_2=&#8221;top_left&#8221; background_repeat_2=&#8221;no-repeat&#8221; use_custom_width=&#8221;on&#8221; custom_width_percent=&#8221;60%&#8221; custom_width_px=&#8221;865px&#8221;][et_pb_column type=&#8221;2_3&#8243;][et_pb_text admin_label=&#8221;Texte&#8221; _builder_version=&#8221;3.0.49&#8243; background_layout=&#8221;light&#8221; text_orientation=&#8221;left&#8221; border_style=&#8221;solid&#8221;]<\/p>\n<h2>&nbsp;<span style=\"color: #ffffff;\">.<br \/><\/span><\/h2>\n<h2 style=\"text-align: center;\"><span style=\"color: #0c71c3;\">M\u00e9DIATISEZ VOTRE ACTIVIT\u00e9 !<\/span><\/h2>\n<p style=\"text-align: center;\">MLI Production vous assure la r\u00e9alisation de vos vid\u00e9os institutionnelles et corporates dans un esprit moderne, dynamique et toujours dans l\u2019optique de repr\u00e9senter au mieux votre activit\u00e9 et faire passer vos messages.<\/p>\n<p>[\/et_pb_text][\/et_pb_column][et_pb_column type=&#8221;1_3&#8243;][et_pb_image admin_label=&#8221;Image&#8221; src=&#8221;http:\/\/mliprod.com\/wp-content\/uploads\/2017\/09\/10934026_415816951916720_4110718390767555087_n.jpg&#8221; _builder_version=&#8221;3.0.49&#8243; \/][\/et_pb_column][\/et_pb_row][et_pb_row admin_label=&#8221;row&#8221; _builder_version=&#8221;3.0.49&#8243; background_position_1=&#8221;top_left&#8221; background_repeat_1=&#8221;no-repeat&#8221; background_position_2=&#8221;top_left&#8221; background_repeat_2=&#8221;no-repeat&#8221; use_custom_width=&#8221;on&#8221; custom_width_percent=&#8221;60%&#8221; custom_width_px=&#8221;865px&#8221;][et_pb_column type=&#8221;1_3&#8243;][et_pb_image admin_label=&#8221;Image&#8221; src=&#8221;http:\/\/mliprod.com\/wp-content\/uploads\/2017\/09\/11892217_883273365053445_7929020518286228485_n-1.jpg&#8221; _builder_version=&#8221;3.0.49&#8243; \/][\/et_pb_column][et_pb_column type=&#8221;2_3&#8243;][et_pb_text admin_label=&#8221;Texte&#8221; _builder_version=&#8221;3.0.49&#8243; background_layout=&#8221;light&#8221; text_orientation=&#8221;left&#8221; border_style=&#8221;solid&#8221;]<\/p>\n<h2>&nbsp;<span style=\"color: #ffffff;\">.<br \/><\/span><\/h2>\n<h2 style=\"text-align: center;\"><span style=\"color: rgba(12, 113, 195, 0.75);\">ATTIREZ VOTRE AUDIENCE !<\/span><\/h2>\n<p style=\"text-align: center;\">Une bonne strat\u00e9gie de marketing et de communication passe par la repr\u00e9sentation de qualit\u00e9 de vos \u00e9l\u00e9ments publicitaires. MLI Production vous accompagne dans cette approche.<\/p>\n<p>[\/et_pb_text][\/et_pb_column][\/et_pb_row][et_pb_row admin_label=&#8221;row&#8221; _builder_version=&#8221;3.0.49&#8243; background_position_1=&#8221;top_left&#8221; background_repeat_1=&#8221;no-repeat&#8221; background_position_2=&#8221;top_left&#8221; background_repeat_2=&#8221;no-repeat&#8221; use_custom_width=&#8221;on&#8221; custom_width_percent=&#8221;60%&#8221; custom_width_px=&#8221;865px&#8221;][et_pb_column type=&#8221;2_3&#8243;][et_pb_text admin_label=&#8221;Texte&#8221; _builder_version=&#8221;3.0.49&#8243; background_layout=&#8221;light&#8221; text_orientation=&#8221;left&#8221; border_style=&#8221;solid&#8221;]<\/p>\n<h2>&nbsp;<span style=\"color: #ffffff;\">.<br \/><\/span><\/h2>\n<h2 style=\"text-align: center;\"><span style=\"color: rgba(12, 113, 195, 0.75);\">RENFORCEZ VOTRE PRESENCE DIGITALE !<\/span><\/h2>\n<p style=\"text-align: center;\">Mettez en avant et valorisez efficacement vos \u00e9v\u00e9nements en confiant \u00e0 MLI Production la r\u00e9alisation de vos vid\u00e9os teasing, films best-of et&nbsp;<span class=\"backstage\">backstage<\/span>&nbsp;de vos projets.<\/p>\n<p>[\/et_pb_text][\/et_pb_column][et_pb_column type=&#8221;1_3&#8243;][et_pb_image admin_label=&#8221;Image&#8221; src=&#8221;http:\/\/mliprod.com\/wp-content\/uploads\/2017\/09\/Capture-d\u2019e\u0301cran-2017-09-12-a\u0300-20.40.31.png&#8221; _builder_version=&#8221;3.0.49&#8243; \/][\/et_pb_column][\/et_pb_row][\/et_pb_section]<\/p>\n","protected":false},"excerpt":{"rendered":"<p>[et_pb_section bb_built=&#8221;1&#8243; admin_label=&#8221;section&#8221; _builder_version=&#8221;3.0.49&#8243; background_image=&#8221;http:\/\/mliprod.com\/wp-content\/uploads\/2017\/09\/post-production-1.jpg&#8221;][et_pb_row admin_label=&#8221;Ligne&#8221; background_position=&#8221;top_left&#8221; background_repeat=&#8221;repeat&#8221; background_size=&#8221;initial&#8221; _builder_version=&#8221;3.0.49&#8243; background_position_1=&#8221;top_left&#8221; background_repeat_1=&#8221;no-repeat&#8221; make_equal=&#8221;on&#8221;][et_pb_column type=&#8221;4_4&#8243;][et_pb_cta admin_label=&#8221;Appel d&#8217;action&#8221; _builder_version=&#8221;3.0.49&#8243; title=&#8221;Montages Vid\u00e9os&#8221; url_new_window=&#8221;off&#8221; use_background_color=&#8221;on&#8221; background_layout=&#8221;dark&#8221; border_style=&#8221;solid&#8221; custom_button=&#8221;off&#8221; button_letter_spacing=&#8221;0&#8243; button_icon_placement=&#8221;right&#8221; button_letter_spacing_hover=&#8221;0&#8243; header_font_size=&#8221;32&#8243; body_font_size=&#8221;1&#8243; body_line_height=&#8221;1.1em&#8221; custom_margin=&#8221;-50px|||&#8221; \/][\/et_pb_column][\/et_pb_row][et_pb_row admin_label=&#8221;row&#8221; _builder_version=&#8221;3.0.49&#8243; background_size=&#8221;initial&#8221; background_position=&#8221;top_left&#8221; background_repeat=&#8221;repeat&#8221; background_color=&#8221;#00a8ff&#8221;][et_pb_column type=&#8221;1_4&#8243;][et_pb_cta admin_label=&#8221;Appel d&#8217;action&#8221; button_text=&#8221;SCENARIO&#8221; _builder_version=&#8221;3.0.49&#8243; title=&#8221;SCENARIO&#8221;] De l\u2019id\u00e9e \u00e0 la mise en forme sur papier [\/et_pb_cta][\/et_pb_column][et_pb_column type=&#8221;1_4&#8243;][et_pb_cta [&hellip;]<\/p>\n","protected":false},"author":1,"featured_media":0,"parent":0,"menu_order":0,"comment_status":"closed","ping_status":"closed","template":"page-template-fullwidth.php","meta":{"footnotes":""},"_links":{"self":[{"href":"https:\/\/mliprod.com\/index.php\/wp-json\/wp\/v2\/pages\/157"}],"collection":[{"href":"https:\/\/mliprod.com\/index.php\/wp-json\/wp\/v2\/pages"}],"about":[{"href":"https:\/\/mliprod.com\/index.php\/wp-json\/wp\/v2\/types\/page"}],"author":[{"embeddable":true,"href":"https:\/\/mliprod.com\/index.php\/wp-json\/wp\/v2\/users\/1"}],"replies":[{"embeddable":true,"href":"https:\/\/mliprod.com\/index.php\/wp-json\/wp\/v2\/comments?post=157"}],"version-history":[{"count":1,"href":"https:\/\/mliprod.com\/index.php\/wp-json\/wp\/v2\/pages\/157\/revisions"}],"predecessor-version":[{"id":758,"href":"https:\/\/mliprod.com\/index.php\/wp-json\/wp\/v2\/pages\/157\/revisions\/758"}],"wp:attachment":[{"href":"https:\/\/mliprod.com\/index.php\/wp-json\/wp\/v2\/media?parent=157"}],"curies":[{"name":"wp","href":"https:\/\/api.w.org\/{rel}","templated":true}]}}