{"id":197,"date":"2017-09-12T22:40:33","date_gmt":"2017-09-12T20:40:33","guid":{"rendered":"http:\/\/diaspora-tn.org\/mli\/?page_id=197"},"modified":"2017-09-12T22:40:33","modified_gmt":"2017-09-12T20:40:33","slug":"photographie","status":"publish","type":"page","link":"https:\/\/mliprod.com\/index.php\/photographie\/","title":{"rendered":"Photographie"},"content":{"rendered":"<p>[et_pb_section bb_built=&#8221;1&#8243; admin_label=&#8221;section&#8221; _builder_version=&#8221;3.0.49&#8243; background_image=&#8221;http:\/\/mliprod.com\/wp-content\/uploads\/2017\/09\/studio-bd-e1442938458591-1280&#215;700.jpg&#8221;][et_pb_row admin_label=&#8221;Ligne&#8221; background_position=&#8221;top_left&#8221; background_repeat=&#8221;repeat&#8221; background_size=&#8221;initial&#8221; _builder_version=&#8221;3.0.49&#8243; background_position_1=&#8221;top_left&#8221; background_repeat_1=&#8221;no-repeat&#8221; make_equal=&#8221;on&#8221;][et_pb_column type=&#8221;4_4&#8243;][et_pb_cta admin_label=&#8221;Appel d&#8217;action&#8221; _builder_version=&#8221;3.0.49&#8243; title=&#8221;Photographie&#8221; url_new_window=&#8221;off&#8221; use_background_color=&#8221;on&#8221; background_layout=&#8221;dark&#8221; border_style=&#8221;solid&#8221; custom_button=&#8221;off&#8221; button_letter_spacing=&#8221;0&#8243; button_icon_placement=&#8221;right&#8221; button_letter_spacing_hover=&#8221;0&#8243; header_font_size=&#8221;32&#8243; body_font_size=&#8221;20&#8243; body_line_height=&#8221;1.1em&#8221; custom_margin=&#8221;-50px|||&#8221;]<\/p>\n<p style=\"text-align: center;\"><strong>MLI Production, Agence Cr\u00e9atrice d&#8217;images<\/strong><\/p>\n<p style=\"text-align: center;\">Boite de production expert en prise de vue professionnelle, photo \u00e0 360\u00b0, R\u00e9alisation de reportages, P\u00f4le de cr\u00e9ation et retouche d&#8217;images,&#8230;<\/p>\n<p>[\/et_pb_cta][\/et_pb_column][\/et_pb_row][et_pb_row admin_label=&#8221;row&#8221; _builder_version=&#8221;3.0.49&#8243; background_size=&#8221;initial&#8221; background_position=&#8221;top_left&#8221; background_repeat=&#8221;repeat&#8221; background_color=&#8221;#00a8ff&#8221; background_position_1=&#8221;top_left&#8221; background_repeat_1=&#8221;no-repeat&#8221; background_position_2=&#8221;top_left&#8221; background_repeat_2=&#8221;no-repeat&#8221; background_position_3=&#8221;top_left&#8221; background_repeat_3=&#8221;no-repeat&#8221; make_equal=&#8221;on&#8221;][et_pb_column type=&#8221;1_3&#8243;][et_pb_cta admin_label=&#8221;Appel d&#8217;action&#8221; _builder_version=&#8221;3.0.49&#8243; title=&#8221;PHOTO 360\u00b0&#8221; url_new_window=&#8221;off&#8221; use_background_color=&#8221;on&#8221; background_layout=&#8221;dark&#8221; border_style=&#8221;solid&#8221; custom_button=&#8221;off&#8221; button_letter_spacing=&#8221;0&#8243; button_icon_placement=&#8221;right&#8221; button_letter_spacing_hover=&#8221;0&#8243;]<\/p>\n<p><img loading=\"lazy\" decoding=\"async\" class=\"alignnone wp-image-202\" src=\"http:\/\/mliprod.com\/wp-content\/uploads\/2017\/09\/Pictures-Day-150x150.png\" alt=\"\" width=\"110\" height=\"110\" srcset=\"https:\/\/mliprod.com\/wp-content\/uploads\/2017\/09\/Pictures-Day-150x150.png 150w, https:\/\/mliprod.com\/wp-content\/uploads\/2017\/09\/Pictures-Day-300x300.png 300w, https:\/\/mliprod.com\/wp-content\/uploads\/2017\/09\/Pictures-Day-440x440.png 440w, https:\/\/mliprod.com\/wp-content\/uploads\/2017\/09\/Pictures-Day.png 512w\" sizes=\"(max-width: 110px) 100vw, 110px\" \/><\/p>\n<p>[\/et_pb_cta][\/et_pb_column][et_pb_column type=&#8221;1_3&#8243;][et_pb_cta admin_label=&#8221;Appel d&#8217;action&#8221; title=&#8221;Reportage photo&#8221; _builder_version=&#8221;3.0.49&#8243; url_new_window=&#8221;off&#8221; use_background_color=&#8221;on&#8221; background_layout=&#8221;dark&#8221; border_style=&#8221;solid&#8221; custom_button=&#8221;off&#8221; button_letter_spacing=&#8221;0&#8243; button_icon_placement=&#8221;right&#8221; button_letter_spacing_hover=&#8221;0&#8243;]<\/p>\n<p><img loading=\"lazy\" decoding=\"async\" class=\"alignnone size-full wp-image-203\" src=\"http:\/\/mliprod.com\/wp-content\/uploads\/2017\/09\/photos-2.png\" alt=\"\" width=\"110\" height=\"90\" \/><\/p>\n<p>[\/et_pb_cta][\/et_pb_column][et_pb_column type=&#8221;1_3&#8243;][et_pb_cta admin_label=&#8221;Appel d&#8217;action&#8221; title=&#8221;Visite virtuelle&#8221; _builder_version=&#8221;3.0.49&#8243; url_new_window=&#8221;off&#8221; use_background_color=&#8221;on&#8221; background_layout=&#8221;dark&#8221; border_style=&#8221;solid&#8221; custom_button=&#8221;off&#8221; button_letter_spacing=&#8221;0&#8243; button_icon_placement=&#8221;right&#8221; button_letter_spacing_hover=&#8221;0&#8243;]<\/p>\n<p><img loading=\"lazy\" decoding=\"async\" class=\"alignnone size-full wp-image-204\" src=\"http:\/\/mliprod.com\/wp-content\/uploads\/2017\/09\/360-2.png\" alt=\"\" width=\"93\" height=\"90\" \/><\/p>\n<p>[\/et_pb_cta][\/et_pb_column][\/et_pb_row][\/et_pb_section][et_pb_section bb_built=&#8221;1&#8243; admin_label=&#8221;Section&#8221; _builder_version=&#8221;3.0.49&#8243;][et_pb_row admin_label=&#8221;row&#8221; _builder_version=&#8221;3.0.49&#8243; background_position_1=&#8221;top_left&#8221; background_repeat_1=&#8221;no-repeat&#8221;][et_pb_column type=&#8221;4_4&#8243;][et_pb_cta admin_label=&#8221;Appel d&#8217;action&#8221; background_color=&#8221;#c4002a&#8221; _builder_version=&#8221;3.0.49&#8243; custom_margin=&#8221;-80px|||&#8221; url_new_window=&#8221;off&#8221; use_background_color=&#8221;on&#8221; background_layout=&#8221;dark&#8221; border_style=&#8221;solid&#8221; custom_button=&#8221;off&#8221; button_letter_spacing=&#8221;0&#8243; button_icon_placement=&#8221;right&#8221; button_letter_spacing_hover=&#8221;0&#8243; text_orientation=&#8221;left&#8221;]<\/p>\n<h2>VOUS AVEZ<br \/>\n<strong>LE GO\u00dbT<\/strong><\/h2>\n<div class=\"two-thirds first\">\n<p><strong>De vous exprimer en r\u00e9alisant des photographies personnelles racontant des histoires?\u00a0<\/strong>De r\u00e9pondre \u00e0 des commandes \u00e9ditoriales, commerciales et publicitaires? Vous souhaitez d\u00e9velopper votre savoir-faire en vid\u00e9o? Vous d\u00e9sirez r\u00e9aliser des projets qui vous am\u00e8neront \u00e0 publier, \u00e0 exposer et \u00e0 voyager? Vous voulez effectuer des stages de courte dur\u00e9e en mode et en photojournalisme? Vous \u00eates autonome, vous aimez travailler en \u00e9quipe et vous poss\u00e9dez une grande curiosit\u00e9 pour le monde qui vous entoure?<\/p>\n<h2>Contactez MLI Production&#8230;<\/h2>\n<\/div>\n<p>[\/et_pb_cta][\/et_pb_column][\/et_pb_row][et_pb_row admin_label=&#8221;row&#8221; _builder_version=&#8221;3.0.49&#8243; background_position_1=&#8221;top_left&#8221; background_repeat_1=&#8221;no-repeat&#8221; background_position_2=&#8221;top_left&#8221; background_repeat_2=&#8221;no-repeat&#8221; custom_width_percent=&#8221;70%&#8221; use_custom_width=&#8221;on&#8221; width_unit=&#8221;off&#8221;][et_pb_column type=&#8221;4_4&#8243;][et_pb_cta admin_label=&#8221;Appel d&#8217;action&#8221; _builder_version=&#8221;3.0.49&#8243; title=&#8221;Photo 360&#8243; url_new_window=&#8221;off&#8221; use_background_color=&#8221;on&#8221; background_layout=&#8221;dark&#8221; border_style=&#8221;solid&#8221; custom_button=&#8221;off&#8221; button_letter_spacing=&#8221;0&#8243; button_icon_placement=&#8221;right&#8221; button_letter_spacing_hover=&#8221;0&#8243; \/][\/et_pb_column][\/et_pb_row][et_pb_row admin_label=&#8221;row&#8221; _builder_version=&#8221;3.0.49&#8243; background_position_1=&#8221;top_left&#8221; background_repeat_1=&#8221;no-repeat&#8221; background_position_2=&#8221;top_left&#8221; background_repeat_2=&#8221;no-repeat&#8221; width_unit=&#8221;off&#8221; use_custom_width=&#8221;on&#8221; custom_width_percent=&#8221;60%&#8221;][et_pb_column type=&#8221;2_3&#8243;][et_pb_text admin_label=&#8221;Texte&#8221; _builder_version=&#8221;3.0.49&#8243; background_layout=&#8221;light&#8221; text_orientation=&#8221;left&#8221; border_style=&#8221;solid&#8221;]<\/p>\n<h4><strong><span style=\"color: #0c71c3;\">Communication:<\/strong><\/h4>\n<p>L\u2019image 360\u00b0 vous permet de valoriser votre strat\u00e9gie de communication en transportant le visiteur de votre site dans votre univers.<\/p>\n<h4><strong><span style=\"color: #0c71c3;\">Interactivit\u00e9:<\/strong><\/h4>\n<p>L\u2019image 360\u00b0 permet de montrer le meilleur de votre produit ou service en mettant visuellement en avant vos atouts.<\/p>\n<h4><strong><span style=\"color: #0c71c3;\">Qualit\u00e9:<\/strong><\/h4>\n<p>L\u2019image 360\u00b0 permet une visualisation en haute d\u00e9finition sous tous les angles afin de voir de plus pr\u00e8s les d\u00e9tails.<\/p>\n<p>[\/et_pb_text][\/et_pb_column][et_pb_column type=&#8221;1_3&#8243;][et_pb_image admin_label=&#8221;Image&#8221; _builder_version=&#8221;3.0.49&#8243; src=&#8221;http:\/\/mliprod.com\/wp-content\/uploads\/2017\/09\/photographie2.jpg&#8221; show_in_lightbox=&#8221;off&#8221; url_new_window=&#8221;off&#8221; use_overlay=&#8221;off&#8221; sticky=&#8221;off&#8221; align=&#8221;left&#8221; always_center_on_mobile=&#8221;on&#8221; border_style=&#8221;solid&#8221; force_fullwidth=&#8221;off&#8221; \/][\/et_pb_column][\/et_pb_row][et_pb_row admin_label=&#8221;row&#8221; _builder_version=&#8221;3.0.49&#8243; background_position_1=&#8221;top_left&#8221; background_repeat_1=&#8221;no-repeat&#8221; background_position_2=&#8221;top_left&#8221; background_repeat_2=&#8221;no-repeat&#8221; width_unit=&#8221;off&#8221; use_custom_width=&#8221;on&#8221; custom_width_percent=&#8221;70%&#8221;][et_pb_column type=&#8221;4_4&#8243;][et_pb_cta admin_label=&#8221;Appel d&#8217;action&#8221; _builder_version=&#8221;3.0.49&#8243; title=&#8221;Reportage photo&#8221; url_new_window=&#8221;off&#8221; use_background_color=&#8221;on&#8221; background_layout=&#8221;dark&#8221; border_style=&#8221;solid&#8221; custom_button=&#8221;off&#8221; button_letter_spacing=&#8221;0&#8243; button_icon_placement=&#8221;right&#8221; button_letter_spacing_hover=&#8221;0&#8243; \/][\/et_pb_column][\/et_pb_row][et_pb_row admin_label=&#8221;row&#8221; _builder_version=&#8221;3.0.49&#8243; background_position_1=&#8221;top_left&#8221; background_repeat_1=&#8221;no-repeat&#8221; background_position_2=&#8221;top_left&#8221; background_repeat_2=&#8221;no-repeat&#8221; width_unit=&#8221;off&#8221; use_custom_width=&#8221;on&#8221; custom_width_percent=&#8221;60%&#8221;][et_pb_column type=&#8221;1_3&#8243;][et_pb_image admin_label=&#8221;Image&#8221; src=&#8221;http:\/\/mliprod.com\/wp-content\/uploads\/2017\/09\/photographie.png&#8221; _builder_version=&#8221;3.0.49&#8243; show_in_lightbox=&#8221;off&#8221; url_new_window=&#8221;off&#8221; use_overlay=&#8221;off&#8221; sticky=&#8221;off&#8221; align=&#8221;left&#8221; always_center_on_mobile=&#8221;on&#8221; border_style=&#8221;solid&#8221; force_fullwidth=&#8221;off&#8221; \/][\/et_pb_column][et_pb_column type=&#8221;2_3&#8243;][et_pb_text admin_label=&#8221;Texte&#8221; _builder_version=&#8221;3.0.49&#8243; background_layout=&#8221;light&#8221; text_orientation=&#8221;left&#8221; border_style=&#8221;solid&#8221;]<\/p>\n<h4><strong><span style=\"color: #0c71c3;\">Accro\u00eetre votre visibilit\u00e9:<\/span><\/strong><\/h4>\n<p>Une image attire plus l\u2019\u0153il qu\u2019un texte. MLI Production vous propose de multiplier votre impact en ajoutant de bonnes photos sur vos sites Internet. Plus les photos que vous postez sont attirantes plus votre impact aupr\u00e8s des clients est \u00e9lev\u00e9.<\/p>\n<h4><strong><span style=\"color: #0c71c3;\">Optimiser votre contenu:<\/span><\/strong><\/h4>\n<p>Mettre en avant le contenu que vous postez peut passer par l\u2019ajout de support photo. MLI Production vous aide \u00e0 \u00e9difier une image \u00e0 forte notori\u00e9t\u00e9 aupr\u00e8s des clients.<\/p>\n<h4><strong><span style=\"color: #0c71c3;\">Am\u00e9lioration du r\u00e9f\u00e9rencement:<\/span><\/strong><\/h4>\n<p>Dans une optique d\u2019am\u00e9lioration du r\u00e9f\u00e9rencement de votre site, MLI Production vous conseille d\u2019illustrer vos propos par des images.<\/p>\n<p>[\/et_pb_text][\/et_pb_column][\/et_pb_row][et_pb_row admin_label=&#8221;row&#8221; _builder_version=&#8221;3.0.49&#8243; background_position_1=&#8221;top_left&#8221; background_repeat_1=&#8221;no-repeat&#8221; background_position_2=&#8221;top_left&#8221; background_repeat_2=&#8221;no-repeat&#8221; width_unit=&#8221;off&#8221; use_custom_width=&#8221;on&#8221; custom_width_percent=&#8221;70%&#8221;][et_pb_column type=&#8221;4_4&#8243;][et_pb_cta admin_label=&#8221;Appel d&#8217;action&#8221; _builder_version=&#8221;3.0.49&#8243; title=&#8221;Visite virtuelle&#8221; url_new_window=&#8221;off&#8221; use_background_color=&#8221;on&#8221; background_layout=&#8221;dark&#8221; border_style=&#8221;solid&#8221; custom_button=&#8221;off&#8221; button_letter_spacing=&#8221;0&#8243; button_icon_placement=&#8221;right&#8221; button_letter_spacing_hover=&#8221;0&#8243; \/][\/et_pb_column][\/et_pb_row][et_pb_row admin_label=&#8221;row&#8221; _builder_version=&#8221;3.0.49&#8243; background_position_1=&#8221;top_left&#8221; background_repeat_1=&#8221;no-repeat&#8221; background_position_2=&#8221;top_left&#8221; background_repeat_2=&#8221;no-repeat&#8221; width_unit=&#8221;off&#8221; use_custom_width=&#8221;on&#8221; custom_width_percent=&#8221;60%&#8221;][et_pb_column type=&#8221;2_3&#8243;][et_pb_text admin_label=&#8221;Texte&#8221; _builder_version=&#8221;3.0.49&#8243; background_layout=&#8221;light&#8221; text_orientation=&#8221;left&#8221; border_style=&#8221;solid&#8221;]<\/p>\n<h4><strong><span style=\"color: #0c71c3;\">Visite \u00e0 distance:<\/strong><\/h4>\n<p>La visite virtuelle est assur\u00e9ment la meilleure fa\u00e7on de voir un lieu sans se d\u00e9placer.<\/p>\n<h4><strong><span style=\"color: #0c71c3;\">Rapidit\u00e9 de mise en \u0153uvre:<\/strong><\/h4>\n<p>Le temps de travail pour la r\u00e9alisation de la visite virtuelle et la mise en ligne de celle-ci se fait assez rapidement Entre le moment de la commande et la mise en ligne, il ne faut pas plus de 48 heures.<\/p>\n<h4><strong><span style=\"color: #0c71c3;\">Facilit\u00e9 d\u2019acc\u00e8s:<\/strong><\/h4>\n<p>Vous pouvez inclure la visite virtuelle \u00e0 l\u2019int\u00e9rieur d\u2019une page de votre site (nous vous fournissons le code \u00e0 ins\u00e9rer dans votre page).<\/p>\n<p>[\/et_pb_text][\/et_pb_column][et_pb_column type=&#8221;1_3&#8243;][et_pb_text admin_label=&#8221;Texte&#8221; _builder_version=&#8221;3.0.49&#8243; background_layout=&#8221;light&#8221; text_orientation=&#8221;left&#8221; border_style=&#8221;solid&#8221;]<\/p>\n<p><iframe loading=\"lazy\" style=\"border: 0;\" src=\"https:\/\/www.google.com\/maps\/embed?pb=!1m0!4v1505250256973!6m8!1m7!1s1O3RHMSc8FG_0r9QPCWo8w!2m2!1d48.83997979135107!2d2.303077897403455!3f333.59031452971743!4f1.2592925927202572!5f0.7820865974627469\" width=\"600\" height=\"300\" frameborder=\"0\" allowfullscreen=\"allowfullscreen\"><\/iframe><\/p>\n<p>[\/et_pb_text][\/et_pb_column][\/et_pb_row][\/et_pb_section]<\/p>\n","protected":false},"excerpt":{"rendered":"<p>[et_pb_section bb_built=&#8221;1&#8243; admin_label=&#8221;section&#8221; _builder_version=&#8221;3.0.49&#8243; background_image=&#8221;http:\/\/mliprod.com\/wp-content\/uploads\/2017\/09\/studio-bd-e1442938458591-1280&#215;700.jpg&#8221;][et_pb_row admin_label=&#8221;Ligne&#8221; background_position=&#8221;top_left&#8221; background_repeat=&#8221;repeat&#8221; background_size=&#8221;initial&#8221; _builder_version=&#8221;3.0.49&#8243; background_position_1=&#8221;top_left&#8221; background_repeat_1=&#8221;no-repeat&#8221; make_equal=&#8221;on&#8221;][et_pb_column type=&#8221;4_4&#8243;][et_pb_cta admin_label=&#8221;Appel d&#8217;action&#8221; _builder_version=&#8221;3.0.49&#8243; title=&#8221;Photographie&#8221; url_new_window=&#8221;off&#8221; use_background_color=&#8221;on&#8221; background_layout=&#8221;dark&#8221; border_style=&#8221;solid&#8221; custom_button=&#8221;off&#8221; button_letter_spacing=&#8221;0&#8243; button_icon_placement=&#8221;right&#8221; button_letter_spacing_hover=&#8221;0&#8243; header_font_size=&#8221;32&#8243; body_font_size=&#8221;20&#8243; body_line_height=&#8221;1.1em&#8221; custom_margin=&#8221;-50px|||&#8221;] MLI Production, Agence Cr\u00e9atrice d&#8217;images Boite de production expert en prise de vue professionnelle, photo \u00e0 360\u00b0, R\u00e9alisation de reportages, P\u00f4le de cr\u00e9ation et retouche [&hellip;]<\/p>\n","protected":false},"author":1,"featured_media":224,"parent":0,"menu_order":0,"comment_status":"closed","ping_status":"closed","template":"page-template-fullwidth.php","meta":{"footnotes":""},"_links":{"self":[{"href":"https:\/\/mliprod.com\/index.php\/wp-json\/wp\/v2\/pages\/197"}],"collection":[{"href":"https:\/\/mliprod.com\/index.php\/wp-json\/wp\/v2\/pages"}],"about":[{"href":"https:\/\/mliprod.com\/index.php\/wp-json\/wp\/v2\/types\/page"}],"author":[{"embeddable":true,"href":"https:\/\/mliprod.com\/index.php\/wp-json\/wp\/v2\/users\/1"}],"replies":[{"embeddable":true,"href":"https:\/\/mliprod.com\/index.php\/wp-json\/wp\/v2\/comments?post=197"}],"version-history":[{"count":0,"href":"https:\/\/mliprod.com\/index.php\/wp-json\/wp\/v2\/pages\/197\/revisions"}],"wp:featuredmedia":[{"embeddable":true,"href":"https:\/\/mliprod.com\/index.php\/wp-json\/wp\/v2\/media\/224"}],"wp:attachment":[{"href":"https:\/\/mliprod.com\/index.php\/wp-json\/wp\/v2\/media?parent=197"}],"curies":[{"name":"wp","href":"https:\/\/api.w.org\/{rel}","templated":true}]}}