{"id":441,"date":"2017-09-19T21:37:46","date_gmt":"2017-09-19T19:37:46","guid":{"rendered":"http:\/\/diaspora-tn.org\/mli\/?page_id=441"},"modified":"2017-09-19T21:37:46","modified_gmt":"2017-09-19T19:37:46","slug":"sony-hxr-mc1500","status":"publish","type":"page","link":"https:\/\/mliprod.com\/index.php\/sony-hxr-mc1500\/","title":{"rendered":"SONY HXR-MC1500"},"content":{"rendered":"<p>[et_pb_section bb_built=&#8221;1&#8243; admin_label=&#8221;section&#8221;][et_pb_row admin_label=&#8221;row&#8221; background_position=&#8221;top_left&#8221; background_repeat=&#8221;repeat&#8221; background_size=&#8221;initial&#8221;][et_pb_column type=&#8221;4_4&#8243;][et_pb_gallery admin_label=&#8221;Galerie&#8221; _builder_version=&#8221;3.0.49&#8243; show_title_and_caption=&#8221;off&#8221; show_pagination=&#8221;on&#8221; gallery_ids=&#8221;442,443,444,445&#8243; fullwidth=&#8221;off&#8221; orientation=&#8221;landscape&#8221; zoom_icon_color=&#8221;#00a8ff&#8221; hover_overlay_color=&#8221;rgba(255,255,255,0.9)&#8221; background_layout=&#8221;light&#8221; border_style=&#8221;solid&#8221; auto=&#8221;off&#8221; \/][et_pb_text admin_label=&#8221;Texte&#8221; _builder_version=&#8221;3.0.49&#8243; background_layout=&#8221;light&#8221; text_orientation=&#8221;left&#8221; border_style=&#8221;solid&#8221;]<\/p>\n<div class=\"alpha fl\"><\/div>\n<div class=\"omega fl\">\n<div class=\"visual\">\n<div id=\"main-visual\">Le HXR-MC1500 donne une touche de professionnalisme \u00e0 votre style de prise de vue et il est l&#8217;alli\u00e9 id\u00e9al des mariages, des vid\u00e9os d&#8217;entreprises et des \u00e9tablissements scolaires. L\u00e9ger et simple \u00e0 l&#8217;utilisation, il est con\u00e7u sur un design d&#8217;\u00e9paule qui renforce votre cr\u00e9dibilit\u00e9 professionnelle aupr\u00e8s de votre client\u00e8le. Proposant en outre un enregistrement sur carte m\u00e9moire ou sur un syst\u00e8me de stockage interne \u00e0 m\u00e9moire flash de 32 Go (en Haute D\u00e9finition ou en d\u00e9finition standard SD), il optimise grandement la flexibilit\u00e9 de votre workflow.<br \/>\nCette option permet presque 6 heures d&#8217;enregistrement continu, ce qui est id\u00e9al pour les grandes occasions (mariages, conf\u00e9rences) o\u00f9 il est pr\u00e9f\u00e9rable de laisser la cam\u00e9ra tourner en continu.<br \/>\nLe HXR-MC1500 est con\u00e7u pour \u00eatre le compl\u00e9ment d&#8217;entr\u00e9e de gamme parfait de tout workflow non lin\u00e9aire. C&#8217;est un kit de production DVD ou Blu-ray extr\u00eamement rentable, assez flexible pour exprimer votre cr\u00e9ativit\u00e9 tout en adh\u00e9rant aux crit\u00e8res qualitatifs de vos clients.<\/div>\n<div><\/div>\n<\/div>\n<\/div>\n<h2 class=\"tab-content-title\">Sp\u00e9cifications techniques<\/h2>\n<div class=\"technical-specifications-top cf\"><\/div>\n<div class=\"expand-collapse\">\n<div class=\"1 expand-collapse-content\">\n<table class=\"table-type1\" border=\"0\" cellspacing=\"0\" cellpadding=\"0\">\n<tbody>\n<tr>\n<th>Poids<\/th>\n<td>(avec pare-soleil et \u0153illeton) 2,7\u00a0kg<br \/>\n(avec pare-soleil, \u0153illeton, batterie, microphone et support d&#8217;enregistrement) 2,9\u00a0kg<\/td>\n<\/tr>\n<tr>\n<th>Dimensions (L\u00a0x\u00a0H x\u00a0P)<\/th>\n<td>(avec visi\u00e8re et \u0153illeton) 255 \u00d7 232\u00d7 456\u00a0mm<br \/>\n(avec visi\u00e8re, \u0153illeton, batterie, microphone et support d&#8217;enregistrement) 255 \u00d7 234 \u00d7 464\u00a0mm<\/td>\n<\/tr>\n<tr>\n<th>Alimentation<\/th>\n<td>Alimentation (Adaptateur secteur\u00a0\/ batterie)\u00a0: 8,4\u00a0V\u00a0\/ 7,2\u00a0V<\/td>\n<\/tr>\n<tr>\n<th>Consommation \u00e9lectrique<\/th>\n<td>viseur &#8211; luminosit\u00e9 normale (HD\/SD)\u00a0: 3,4\u00a0W\u00a0\/ 2,6\u00a0W<br \/>\nLCD &#8211; luminosit\u00e9 normale (HD\/SD)\u00a0: 3,4\u00a0W\u00a0\/ 2,6\u00a0W<\/td>\n<\/tr>\n<tr>\n<th>Temp\u00e9rature de fonctionnement<\/th>\n<td>De 0\u00a0\u00b0C \u00e0 +40\u00a0\u00b0C<\/td>\n<\/tr>\n<tr>\n<th>Temp\u00e9rature de stockage<\/th>\n<td>De -20\u00a0\u00b0C \u00e0 +60\u00a0\u00b0C<\/td>\n<\/tr>\n<tr>\n<th>Autonomie de batterie<\/th>\n<td>Dur\u00e9e d&#8217;enregistrement continu d&#8217;environ 280 min (FH, LCD, NP-F570\u00a0: batterie compl\u00e8tement charg\u00e9e)<\/td>\n<\/tr>\n<tr>\n<th>Format d&#8217;enregistrement<\/th>\n<td>Format vid\u00e9o\u00a0: HD MPEG-4 AVC\u00a0\/ H.264 (AVCHD)<br \/>\nSD\u00a0: MPEG-2 PS<br \/>\nFormat audio\u00a0: HD Dolby Digital 2\u00a0can., 16\u00a0bits, 48\u00a0kHz<br \/>\nSD Dolby Digital 2\u00a0can., 16\u00a0bits, 48\u00a0kHz<\/td>\n<\/tr>\n<tr>\n<th>Fr\u00e9quence d&#8217;enregistrement*1<\/th>\n<td>AVCHD FX (24\u00a0Mbit\/s) 1920 x 1080\/50i \/ 16:9<br \/>\nAVCHD FH (17\u00a0Mbit\/s) 1920 x 1080\/50i \/ 16:9<br \/>\nAVCHD HQ (9\u00a0Mbit\/s) 1440 x 1080\/50i \/ 16:9<br \/>\nAVCHD LP (5\u00a0Mbit\/s) 1440 x 1080\/50i \/ 16:9<br \/>\nMPEG2 SD HQ (9\u00a0Mbit\/s) 720 x 576\/50i \/ 16:9, 4:3<\/td>\n<\/tr>\n<tr>\n<th>Dur\u00e9e d\u2019enregistrement et de lecture<\/th>\n<td>175\u00a0min (2\u00a0h\u00a055\u00a0m) avec un Memory Stick PRO-HX Duo FX de 32\u00a0Go<br \/>\n(24\u00a0Mbit\/s), Enregistrement Dolby\u00ae Digital 2 canaux<\/td>\n<\/tr>\n<tr>\n<th>Rapport de zoom<\/th>\n<td>Optique \u00ab\u00a0G\u00a0\u00bb Sony, 12x (optique), zoom num\u00e9rique 160x<\/td>\n<\/tr>\n<tr>\n<th>Distance focale<\/th>\n<td>f\u00a0= de 2,9 \u00e0 34,8\u00a0mm (\u00e9quivalent \u00e0 f\u00a0= 29,8 \u00e0 357,6\u00a0mm en mode vid\u00e9o et image fixe 16:9, f\u00a0= de 27,4 \u00e0 328,8\u00a0mm en mode images fixes 4:3, f= de 36,5 \u00e0 438\u00a0mm en mode vid\u00e9o 4:3 sur un objectif de 35\u00a0mm)*2<\/td>\n<\/tr>\n<tr>\n<th>Mise au point<\/th>\n<td>Auto \/ Manuel<\/td>\n<\/tr>\n<tr>\n<th>Stabilisateur d\u2019image<\/th>\n<td>S\u00e9lection ON \/ OFF<\/td>\n<\/tr>\n<tr>\n<th>Diam\u00e8tre de filtre<\/th>\n<td>37 mm<\/td>\n<\/tr>\n<\/tbody>\n<\/table>\n<\/div>\n<h1><\/h1>\n<h1 class=\"expand-collapse-heading\">Cam\u00e9ra<\/h1>\n<div class=\"2 expand-collapse-content\">\n<table class=\"table-type1\" border=\"0\" cellspacing=\"0\" cellpadding=\"0\">\n<tbody>\n<tr>\n<th>Capteur<\/th>\n<td>Capteur CMOS Exmor R d&#8217;1\/4\u00a0pouce avec matrice de pixels ClearVid<br \/>\nPixels bruts\u00a0: environ 4200\u00a0K Vid\u00e9o r\u00e9elle\u00a0: environ 2650\u00a0K (16:9)<\/td>\n<\/tr>\n<tr>\n<th>Eclairage minimum<\/th>\n<td>3 lx (mode LUX faible, obturateur 1\/25)<\/td>\n<\/tr>\n<tr>\n<th>Vitesse d&#8217;obturation<\/th>\n<td>1\/6 &#8211; 1\/10000 (contr\u00f4le manuel de la vitesse d&#8217;obturation)<\/td>\n<\/tr>\n<tr>\n<th>Diaphragme<\/th>\n<td>F1.8 &#8211; F3.4<\/td>\n<\/tr>\n<tr>\n<th>Fonction \u00ab\u00a0Slow &amp; Quick Motion\u00a0\u00bb<\/th>\n<td>200\u00a0ips (fixe) en mode \u00ab\u00a0Smooth Slow Rec\u00a0\u00bb *La qualit\u00e9 d&#8217;image est d\u00e9grad\u00e9e. (ips\u00a0: image par seconde)<\/td>\n<\/tr>\n<tr>\n<th>Balance des blancs<\/th>\n<td>Auto, ext\u00e9rieur (5\u00a0800\u00a0K), int\u00e9rieur (3\u00a0200\u00a0K), One-push (panneau de commande)<\/td>\n<\/tr>\n<\/tbody>\n<\/table>\n<\/div>\n<h1><\/h1>\n<h1 class=\"expand-collapse-heading\">Entr\u00e9es\/Sorties<\/h1>\n<div class=\"3 expand-collapse-content\">\n<table class=\"table-type1\" border=\"0\" cellspacing=\"0\" cellpadding=\"0\">\n<tbody>\n<tr>\n<th>Entr\u00e9e microphone<\/th>\n<td>Mini jack st\u00e9r\u00e9o (x1) \u00f8 3,5 mm<\/td>\n<\/tr>\n<tr>\n<th>Sortie A\/V<\/th>\n<td>Jack Pin<\/td>\n<\/tr>\n<tr>\n<th>Sortie vid\u00e9o composante<\/th>\n<td>Jack Pin<\/td>\n<\/tr>\n<tr>\n<th>Connexion \u00e0 distance<\/th>\n<td>Mini-jack st\u00e9r\u00e9o (\u00d8 2,5 mm)<\/td>\n<\/tr>\n<tr>\n<th>USB<\/th>\n<td>P\u00e9riph\u00e9rique USB, Mini-AB \/ Hi-Speed (x1)<\/td>\n<\/tr>\n<tr>\n<th>Sortie casque<\/th>\n<td>Mini jack st\u00e9r\u00e9o (x1) \u00f8 3,5 mm<\/td>\n<\/tr>\n<tr>\n<th>Sortie HDMI<\/th>\n<td>Connecteur HDMI (x 1)<\/td>\n<\/tr>\n<\/tbody>\n<\/table>\n<\/div>\n<h1><\/h1>\n<h1 class=\"expand-collapse-heading\">Contr\u00f4le<\/h1>\n<div class=\"4 expand-collapse-content\">\n<table class=\"table-type1\" border=\"0\" cellspacing=\"0\" cellpadding=\"0\">\n<tbody>\n<tr>\n<th>Viseur<\/th>\n<td>0,2 pouce, environ 201\u00a0600\u00a0points (300 x 224 x 3 [RVB]), rapport d&#8217;aspect 4:3<\/td>\n<\/tr>\n<tr>\n<th>Moniteur LCD int\u00e9gr\u00e9<\/th>\n<td>LCD ClearPhoto 2,7, environ 230\u00a0400\u00a0points (960 x 240), rapport d&#8217;aspect 16:9<\/td>\n<\/tr>\n<\/tbody>\n<\/table>\n<\/div>\n<h1><\/h1>\n<h1 class=\"expand-collapse-heading\">Microphone<\/h1>\n<div class=\"5 expand-collapse-content\">\n<table class=\"table-type1\" border=\"0\" cellspacing=\"0\" cellpadding=\"0\">\n<tbody>\n<tr>\n<th><\/th>\n<td>Microphone st\u00e9r\u00e9o 2\u00a0canaux<\/td>\n<\/tr>\n<\/tbody>\n<\/table>\n<\/div>\n<h1><\/h1>\n<h1 class=\"expand-collapse-heading\">Supports d\u2019enregistrement<\/h1>\n<div class=\"6 expand-collapse-content\">\n<table class=\"table-type1\" border=\"0\" cellspacing=\"0\" cellpadding=\"0\">\n<tbody>\n<tr>\n<th>M\u00e9moire interne<\/th>\n<td>32\u00a0Go<\/td>\n<\/tr>\n<tr>\n<th>Type<\/th>\n<td>Memory Stick PRO Duo (Mark2), Memory Stick PRO-HG Duo, Memory Stick PRO-HG Duo HX*3<br \/>\nCarte m\u00e9moire SD\/SDHC\/SDXC*4<\/td>\n<\/tr>\n<\/tbody>\n<\/table>\n<\/div>\n<h1><\/h1>\n<h1 class=\"expand-collapse-heading\">Accessoires fournis<\/h1>\n<div class=\"7 expand-collapse-content\">\n<table class=\"table-type1\" border=\"0\" cellspacing=\"0\" cellpadding=\"0\">\n<tbody>\n<tr>\n<th><\/th>\n<td>Adaptateur secteur [AC-L100], pack batterie rechargeable [NP-F570], C\u00e2ble d&#8217;alimentation, microphone (st\u00e9r\u00e9o) [ECM-PS1], bonnette paravent, \u0153illeton, pare-soleil, cache d&#8217;objectif, c\u00e2ble composite (RCA\u00a0x3), c\u00e2ble USB (mini-B), adaptateur de c\u00e2ble USB (pour disque dur externe) [VMC-UAM1], logiciel d&#8217;application (CD-ROM) [PMB]<\/td>\n<\/tr>\n<\/tbody>\n<\/table>\n<\/div>\n<h1><\/h1>\n<h1 class=\"expand-collapse-heading\">Remarques<\/h1>\n<div class=\"8 expand-collapse-content\">\n<table class=\"table-type1\" border=\"0\" cellspacing=\"0\" cellpadding=\"0\">\n<tbody>\n<tr>\n<th>*1\u00a0:<\/th>\n<td>Le d\u00e9bit maximum est de 24\u00a0Mbit\/s en mode AVCHD FX en raison d&#8217;un d\u00e9bit variable, et le d\u00e9bit moyen est en train d&#8217;\u00eatre fix\u00e9 pour les modes FH, HQ et LP.<\/td>\n<\/tr>\n<tr>\n<th>*2\u00a0:<\/th>\n<td>La distance focale est obtenue quand le mode SteadyShot est en mode actif d\u00e9sactiv\u00e9.<\/td>\n<\/tr>\n<tr>\n<th>*3\u00a0:<\/th>\n<td>Types de Memory Stick compatibles\u00a0: pour l&#8217;enregistrement AVCHD\u00a0\/ capacit\u00e9\u00a0: plus d&#8217;1\u00a0Go, pour l&#8217;enregistrement en d\u00e9finition standard\u00a0\/ capacit\u00e9\u00a0: plus de 512\u00a0Mo<\/td>\n<\/tr>\n<tr>\n<th>*4\u00a0:<\/th>\n<td>Classe de vitesse recommand\u00e9e pour l&#8217;enregistrement AVCHD\u00a0: classe\u00a04 ou sup\u00e9rieure, pour l&#8217;enregistrement en d\u00e9finition standard\u00a0: classe\u00a02 ou sup\u00e9rieure<\/td>\n<\/tr>\n<\/tbody>\n<\/table>\n<\/div>\n<\/div>\n<p>[\/et_pb_text][\/et_pb_column][\/et_pb_row][\/et_pb_section]<\/p>\n","protected":false},"excerpt":{"rendered":"<p>[et_pb_section bb_built=&#8221;1&#8243; admin_label=&#8221;section&#8221;][et_pb_row admin_label=&#8221;row&#8221; background_position=&#8221;top_left&#8221; background_repeat=&#8221;repeat&#8221; background_size=&#8221;initial&#8221;][et_pb_column type=&#8221;4_4&#8243;][et_pb_gallery admin_label=&#8221;Galerie&#8221; _builder_version=&#8221;3.0.49&#8243; show_title_and_caption=&#8221;off&#8221; show_pagination=&#8221;on&#8221; gallery_ids=&#8221;442,443,444,445&#8243; fullwidth=&#8221;off&#8221; orientation=&#8221;landscape&#8221; zoom_icon_color=&#8221;#00a8ff&#8221; hover_overlay_color=&#8221;rgba(255,255,255,0.9)&#8221; background_layout=&#8221;light&#8221; border_style=&#8221;solid&#8221; auto=&#8221;off&#8221; \/][et_pb_text admin_label=&#8221;Texte&#8221; _builder_version=&#8221;3.0.49&#8243; background_layout=&#8221;light&#8221; text_orientation=&#8221;left&#8221; border_style=&#8221;solid&#8221;] Le HXR-MC1500 donne une touche de professionnalisme \u00e0 votre style de prise de vue et il est l&#8217;alli\u00e9 id\u00e9al des mariages, des vid\u00e9os d&#8217;entreprises et des \u00e9tablissements scolaires. L\u00e9ger [&hellip;]<\/p>\n","protected":false},"author":1,"featured_media":0,"parent":0,"menu_order":0,"comment_status":"closed","ping_status":"closed","template":"","meta":{"footnotes":""},"_links":{"self":[{"href":"https:\/\/mliprod.com\/index.php\/wp-json\/wp\/v2\/pages\/441"}],"collection":[{"href":"https:\/\/mliprod.com\/index.php\/wp-json\/wp\/v2\/pages"}],"about":[{"href":"https:\/\/mliprod.com\/index.php\/wp-json\/wp\/v2\/types\/page"}],"author":[{"embeddable":true,"href":"https:\/\/mliprod.com\/index.php\/wp-json\/wp\/v2\/users\/1"}],"replies":[{"embeddable":true,"href":"https:\/\/mliprod.com\/index.php\/wp-json\/wp\/v2\/comments?post=441"}],"version-history":[{"count":0,"href":"https:\/\/mliprod.com\/index.php\/wp-json\/wp\/v2\/pages\/441\/revisions"}],"wp:attachment":[{"href":"https:\/\/mliprod.com\/index.php\/wp-json\/wp\/v2\/media?parent=441"}],"curies":[{"name":"wp","href":"https:\/\/api.w.org\/{rel}","templated":true}]}}