{"id":479,"date":"2017-09-19T23:13:07","date_gmt":"2017-09-19T21:13:07","guid":{"rendered":"http:\/\/diaspora-tn.org\/mli\/?page_id=479"},"modified":"2017-09-19T23:13:07","modified_gmt":"2017-09-19T21:13:07","slug":"nikon-d90","status":"publish","type":"page","link":"https:\/\/mliprod.com\/index.php\/nikon-d90\/","title":{"rendered":"NIKON D90"},"content":{"rendered":"<p>[et_pb_section bb_built=&#8221;1&#8243; admin_label=&#8221;section&#8221;][et_pb_row admin_label=&#8221;row&#8221; background_position=&#8221;top_left&#8221; background_repeat=&#8221;repeat&#8221; background_size=&#8221;initial&#8221;][et_pb_column type=&#8221;4_4&#8243;][et_pb_gallery admin_label=&#8221;Galerie&#8221; _builder_version=&#8221;3.0.49&#8243; show_title_and_caption=&#8221;off&#8221; show_pagination=&#8221;on&#8221; gallery_ids=&#8221;477,472,476,475&#8243; fullwidth=&#8221;off&#8221; orientation=&#8221;landscape&#8221; zoom_icon_color=&#8221;#00a8ff&#8221; hover_overlay_color=&#8221;rgba(255,255,255,0.9)&#8221; background_layout=&#8221;light&#8221; border_style=&#8221;solid&#8221; auto=&#8221;off&#8221; \/][et_pb_text admin_label=&#8221;Texte&#8221; _builder_version=&#8221;3.0.49&#8243; background_layout=&#8221;light&#8221; text_orientation=&#8221;left&#8221; border_style=&#8221;solid&#8221;]<\/p>\n<div class=\"one_column_large_image row\">\n<div class=\"text_wrapper\">\n<h2>Pr\u00e9sentation<\/h2>\n<p class=\"p1\">Le D90 b\u00e9n\u00e9ficie de la technologie des reflex num\u00e9riques phares de Nikon et de toute une gamme de fonctions \u00e9volu\u00e9es qui vous permettent d&#8217;obtenir des r\u00e9sultats de grande qualit\u00e9. Son capteur d&#8217;image CMOS au format DX avec 12,3 millions de pixels et son syst\u00e8me de traitement d&#8217;image EXPEED offrent une qualit\u00e9 d&#8217;image exceptionnelle dans une plage \u00e9tendue de sensibilit\u00e9s ISO. Le mode Live view vous permet de composer et de photographier par le biais du moniteur ACL haute r\u00e9solution de 3 pouces, tandis qu&#8217;un syst\u00e8me avanc\u00e9 de reconnaissance de sc\u00e8ne et un autofocus performant vous aident \u00e0 capturer des images d&#8217;une pr\u00e9cision \u00e9poustouflante. Il est possible d&#8217;enregistrer des films vid\u00e9o au format Motion-JPEG gr\u00e2ce \u00e0 la fonction innovante D-Movie. Le large capteur d&#8217;image de l&#8217;appareil vous garantit une qualit\u00e9 d&#8217;image exceptionnelle des films ; vous pouvez \u00e9galement cr\u00e9er des effets spectaculaires en utilisant toute une gamme d&#8217;objectifs NIKKOR interchangeables, du grand-angle au fisheye en passant par le macro, ou en r\u00e9glant l&#8217;ouverture de l&#8217;objectif et jouer avec la profondeur de champ. Le D90 est parfait pour assouvir votre passion de la photographie.<\/p>\n<\/div>\n<\/div>\n<div class=\"one_column_large_image row\">\n<div class=\"text_wrapper\">\n<p class=\"p1\">Le\u00a0<strong>capteur d&#8217;image CMOS au format DX de 12,3\u00a0millions de pixels<\/strong>\u00a0vous permet de saisir les d\u00e9tails les plus infimes et de r\u00e9aliser des agrandissements d&#8217;une incroyable nettet\u00e9. L&#8217;unit\u00e9 int\u00e9gr\u00e9e de nettoyage automatique du capteur limite la pr\u00e9sence de poussi\u00e8re.<\/p>\n<p class=\"p1\">Le\u00a0<strong>syst\u00e8me de traitement d&#8217;images EXPEED<\/strong>\u00a0vous garantit des performances ainsi qu&#8217;une qualit\u00e9 d&#8217;image optimales.<\/p>\n<p class=\"p1\">La sensibilit\u00e9 peut \u00eatre d\u00e9finie sur une \u00e9chelle de valeurs comprises entre\u00a0<strong>200 et 3200 ISO<\/strong>\u00a0extensible de 100\u00a0ISO (\u00e9quivalent) jusqu&#8217;\u00e0 6400\u00a0ISO (\u00e9quivalent), ce qui vous permet de recourir \u00e0 des vitesses d&#8217;obturation plus rapides afin de diminuer de mani\u00e8re significative le risque de flou lorsque vous photographiez des sujets qui se d\u00e9placent rapidement ou en cas de faible lumi\u00e8re.<\/p>\n<p class=\"p1\">La fonction\u00a0<strong>D-Lighting actif<\/strong>\u00a0pr\u00e9serve les d\u00e9tails des hautes lumi\u00e8res et des ombres pour g\u00e9n\u00e9rer des photos \u00e9poustouflantes au contraste naturel. Elle peut \u00eatre utilis\u00e9e manuellement ou d\u00e9finie en mode Automatique et vous permet de choisir parmi quatre\u00a0niveaux, dont la nouvelle option \u00ab\u00a0Tr\u00e8s \u00e9lev\u00e9\u00a0\u00bb.<\/p>\n<p class=\"p1\">Les r\u00e9glages\u00a0<strong>Optimisations d&#8217;image<\/strong>\u00a0vous permettent de personnaliser l&#8217;aspect et l&#8217;ambiance de vos images. Choix parmi six r\u00e9glages\u00a0: Standard, Neutre, Satur\u00e9e, Monochrome, Portrait et Paysage.<\/p>\n<p class=\"p1\">Le\u00a0<strong>syst\u00e8me de reconnaissance de sc\u00e8ne avec syst\u00e8me de d\u00e9tection des visages<\/strong>\u00a0associe les donn\u00e9es de la fonction de mesure de l&#8217;exposition et des capteurs AF de l&#8217;appareil pour des expositions tr\u00e8s pr\u00e9cises et des rendus ultra-nets, et d\u00e9tecte la pr\u00e9sence de visages dans les portraits ou les photos de groupe pour un rendu plus naturel des tons chair.<\/p>\n<p class=\"p1\">L&#8217;<strong>autofocus performant et avanc\u00e9<\/strong>\u00a0du\u00a0<strong>syst\u00e8me AF 11\u00a0points Multi-CAM 1000<\/strong>\u00a0pr\u00e9sente une couverture d&#8217;autofocus rapide et pr\u00e9cise sur l&#8217;ensemble de l&#8217;image. Les modes de zones AF permettent de g\u00e9rer la plupart des conditions de prise de vue et incluent le\u00a0<strong>suivi 3D<\/strong>, qui vous permet de r\u00e9gler la composition d&#8217;une image apr\u00e8s avoir fait la mise au point sur le sujet.<\/p>\n<p class=\"p1\">Le\u00a0<strong>mode Live view avec autofocus<\/strong>\u00a0simplifie la composition d&#8217;images avec le moniteur ACL. Trois modes AF sont pris en charge\u00a0: priorit\u00e9 visage pour les portraits (d\u00e9tecte jusqu&#8217;\u00e0 5 visages dans une vue), zone large pour les prises de vue \u00e0 main lev\u00e9e et zone normale pour les prises de vue avec tr\u00e9pied.<\/p>\n<p class=\"p1\">La\u00a0<strong>fonction innovante D-Movie<\/strong>\u00a0vous permet d&#8217;enregistrer des films vid\u00e9o au format Motion-JPEG*. Le large capteur d&#8217;image de l&#8217;appareil (par rapport \u00e0 celui d&#8217;un cam\u00e9scope grand public) et sa sensibilit\u00e9 \u00e9lev\u00e9e permettent d&#8217;obtenir une qualit\u00e9 d&#8217;image exceptionnelle. Adaptez les techniques photographiques \u00e0 la r\u00e9alisation de films gr\u00e2ce \u00e0 la vaste gamme d&#8217;objectifs NIKKOR interchangeables, du fisheye au super t\u00e9l\u00e9objectif en passant par le grand-angle, et faites m\u00eame des gros plans extr\u00eames avec les objectifs Micro NIKKOR.<\/p>\n<p class=\"p1\">Le\u00a0<strong>moniteur ACL haute r\u00e9solution de 3 pouces et 920 000 pixels<\/strong>\u00a0avec un angle de vision de 170 degr\u00e9s permet d&#8217;utiliser facilement la fonction Live view.<\/p>\n<p class=\"p1\">Les\u00a0<strong>modes Sc\u00e8ne avanc\u00e9s<\/strong>\u00a0optimisent automatiquement les r\u00e9glages de l&#8217;appareil, par exemple avec les Optimisations d&#8217;image et la fonction D-Lighting actif, en les adaptant aux conditions, styles et effets photographiques les plus courants. Choisissez parmi Portrait, Paysage, Gros plan, Sport ou Portrait de nuit.<\/p>\n<p class=\"p1\"><strong>Viseur \u00e0 pentaprisme lumineux<\/strong>\u00a0avec une couverture d&#8217;image de 96\u00a0% et un d\u00e9gagement oculaire de 19,5 mm pour des compositions pr\u00e9cises.<\/p>\n<p class=\"p1\"><strong>D\u00e9clenchement rapide\u00a0:<\/strong>\u00a0d\u00e9marrage instantan\u00e9 en 0,15\u00a0seconde environ et temps de r\u00e9ponse au d\u00e9clenchement de 65\u00a0millisecondes et cadence de 4,5 vues par seconde**.<\/p>\n<p class=\"p1\"><strong>Menu Retouche \u00e9tendu<\/strong>\u00a0avec une vaste gamme d&#8217;effets photographiques, comme Fisheye, Contr\u00f4le de la distorsion et Redresser. L&#8217;image d&#8217;origine est conserv\u00e9e, car l&#8217;appareil enregistre un double de votre photo en un clin d&#8217;\u0153il pour vous permettre de la modifier et de l&#8217;am\u00e9liorer dans l&#8217;appareil photo.<\/p>\n<p class=\"p1\"><strong>Fonctions de visualisation \u00e9tendues<\/strong>, avec la fonction Pictmotion int\u00e9gr\u00e9e, la visualisation par imagettes jusqu&#8217;\u00e0 72 vues, la visualisation calendrier et l&#8217;affichage d&#8217;histogrammes pour des zones sp\u00e9cifiques d&#8217;une image.<\/p>\n<p>&nbsp;<\/p>\n<h2 class=\"panel-heading panel-frame--heading bg-primary-default txt-white\">Caract\u00e9ristiques<\/h2>\n<div class=\"panel-body panel-frame--body\">\n<table class=\"w100\">\n<tbody>\n<tr>\n<td class=\"p5 table-column--50pc txt-bold-uppercase\">MARQUE<\/td>\n<td class=\"p5 table-column--50pc nowrap txt-size-13\">Nikon<\/td>\n<\/tr>\n<tr>\n<td class=\"p5 table-column--50pc txt-bold-uppercase\">TYPE DE BOITIER<\/td>\n<td class=\"p5 table-column--50pc nowrap txt-size-13\">Reflex<\/td>\n<\/tr>\n<tr>\n<td class=\"p5 table-column--50pc txt-bold-uppercase\">TECHNOLOGIE CAPTEUR<\/td>\n<td class=\"p5 table-column--50pc nowrap txt-size-13\">CMOS<\/td>\n<\/tr>\n<tr>\n<td class=\"p5 table-column--50pc txt-bold-uppercase\">R\u00c9SOLUTION<\/td>\n<td class=\"p5 table-column--50pc nowrap txt-size-13\">12 Mp\u00a0,\u00a012,9 M\u00e9gapixel(s)<\/td>\n<\/tr>\n<tr class=\"attribute-produit-toggle-visibility more-attributes-active\">\n<td class=\"p5 table-column--50pc txt-bold-uppercase\">TAILLE DE L&#8217;\u00c9CRAN<\/td>\n<td class=\"p5 table-column--50pc nowrap txt-size-13\">7,6 cm<\/td>\n<\/tr>\n<tr class=\"attribute-produit-toggle-visibility more-attributes-active\">\n<td class=\"p5 table-column--50pc txt-bold-uppercase\">STABILISATION<\/td>\n<td class=\"p5 table-column--50pc nowrap txt-size-13\">Optique<\/td>\n<\/tr>\n<tr class=\"attribute-produit-toggle-visibility more-attributes-active\">\n<td class=\"p5 table-column--50pc txt-bold-uppercase\">MODE VID\u00c9O<\/td>\n<td class=\"p5 table-column--50pc nowrap txt-size-13\">HD 720p<\/td>\n<\/tr>\n<tr class=\"attribute-produit-toggle-visibility more-attributes-active\">\n<td class=\"p5 table-column--50pc txt-bold-uppercase\">SENSIBILIT\u00c9<\/td>\n<td class=\"p5 table-column--50pc nowrap txt-size-13\">ISO 3200<\/td>\n<\/tr>\n<tr class=\"attribute-produit-toggle-visibility more-attributes-active\">\n<td class=\"p5 table-column--50pc txt-bold-uppercase\">SUPPORT DE STOCKAGE<\/td>\n<td class=\"p5 table-column--50pc nowrap txt-size-13\">Secure Digital\u00a0,\u00a0Secure Digital HC\u00a0,\u00a0SDHC (Secure Digital High Capacity)<\/td>\n<\/tr>\n<tr class=\"attribute-produit-toggle-visibility more-attributes-active\">\n<td class=\"p5 table-column--50pc txt-bold-uppercase\">TYPE DE VISEUR<\/td>\n<td class=\"p5 table-column--50pc nowrap txt-size-13\">SLR<\/td>\n<\/tr>\n<tr class=\"attribute-produit-toggle-visibility more-attributes-active\">\n<td class=\"p5 table-column--50pc txt-bold-uppercase\">CONNEXION INFORMATIQUE<\/td>\n<td class=\"p5 table-column--50pc nowrap txt-size-13\">HDMi\u00a0,\u00a0USB<\/td>\n<\/tr>\n<\/tbody>\n<\/table>\n<\/div>\n<\/div>\n<\/div>\n<p>[\/et_pb_text][\/et_pb_column][\/et_pb_row][\/et_pb_section]<\/p>\n","protected":false},"excerpt":{"rendered":"<p>[et_pb_section bb_built=&#8221;1&#8243; admin_label=&#8221;section&#8221;][et_pb_row admin_label=&#8221;row&#8221; background_position=&#8221;top_left&#8221; background_repeat=&#8221;repeat&#8221; background_size=&#8221;initial&#8221;][et_pb_column type=&#8221;4_4&#8243;][et_pb_gallery admin_label=&#8221;Galerie&#8221; _builder_version=&#8221;3.0.49&#8243; show_title_and_caption=&#8221;off&#8221; show_pagination=&#8221;on&#8221; gallery_ids=&#8221;477,472,476,475&#8243; fullwidth=&#8221;off&#8221; orientation=&#8221;landscape&#8221; zoom_icon_color=&#8221;#00a8ff&#8221; hover_overlay_color=&#8221;rgba(255,255,255,0.9)&#8221; background_layout=&#8221;light&#8221; border_style=&#8221;solid&#8221; auto=&#8221;off&#8221; \/][et_pb_text admin_label=&#8221;Texte&#8221; _builder_version=&#8221;3.0.49&#8243; background_layout=&#8221;light&#8221; text_orientation=&#8221;left&#8221; border_style=&#8221;solid&#8221;] Pr\u00e9sentation Le D90 b\u00e9n\u00e9ficie de la technologie des reflex num\u00e9riques phares de Nikon et de toute une gamme de fonctions \u00e9volu\u00e9es qui vous permettent d&#8217;obtenir des r\u00e9sultats de grande [&hellip;]<\/p>\n","protected":false},"author":1,"featured_media":0,"parent":0,"menu_order":0,"comment_status":"closed","ping_status":"closed","template":"","meta":{"footnotes":""},"_links":{"self":[{"href":"https:\/\/mliprod.com\/index.php\/wp-json\/wp\/v2\/pages\/479"}],"collection":[{"href":"https:\/\/mliprod.com\/index.php\/wp-json\/wp\/v2\/pages"}],"about":[{"href":"https:\/\/mliprod.com\/index.php\/wp-json\/wp\/v2\/types\/page"}],"author":[{"embeddable":true,"href":"https:\/\/mliprod.com\/index.php\/wp-json\/wp\/v2\/users\/1"}],"replies":[{"embeddable":true,"href":"https:\/\/mliprod.com\/index.php\/wp-json\/wp\/v2\/comments?post=479"}],"version-history":[{"count":0,"href":"https:\/\/mliprod.com\/index.php\/wp-json\/wp\/v2\/pages\/479\/revisions"}],"wp:attachment":[{"href":"https:\/\/mliprod.com\/index.php\/wp-json\/wp\/v2\/media?parent=479"}],"curies":[{"name":"wp","href":"https:\/\/api.w.org\/{rel}","templated":true}]}}