{"id":485,"date":"2017-09-19T23:28:26","date_gmt":"2017-09-19T21:28:26","guid":{"rendered":"http:\/\/diaspora-tn.org\/mli\/?page_id=485"},"modified":"2017-09-19T23:28:26","modified_gmt":"2017-09-19T21:28:26","slug":"canon-550d","status":"publish","type":"page","link":"https:\/\/mliprod.com\/index.php\/canon-550d\/","title":{"rendered":"CANON 550D"},"content":{"rendered":"<p>[et_pb_section bb_built=&#8221;1&#8243; admin_label=&#8221;section&#8221;][et_pb_row admin_label=&#8221;row&#8221;][et_pb_column type=&#8221;4_4&#8243;][et_pb_gallery admin_label=&#8221;Galerie&#8221; _builder_version=&#8221;3.0.49&#8243; show_title_and_caption=&#8221;off&#8221; show_pagination=&#8221;on&#8221; gallery_ids=&#8221;487,486,488,489&#8243; fullwidth=&#8221;off&#8221; orientation=&#8221;landscape&#8221; zoom_icon_color=&#8221;#00a8ff&#8221; hover_overlay_color=&#8221;rgba(255,255,255,0.9)&#8221; background_layout=&#8221;light&#8221; border_style=&#8221;solid&#8221; auto=&#8221;off&#8221; \/][et_pb_text admin_label=&#8221;Texte&#8221; _builder_version=&#8221;3.0.49&#8243; background_layout=&#8221;light&#8221; text_orientation=&#8221;left&#8221; border_style=&#8221;solid&#8221;]<\/p>\n<div class=\"c-tab-top c-clear\">\n<div class=\"c-clear c-content-section\">\n<div class=\"c-grid c-g9\">\n<div class=\"c-clear\">\n<div class=\"c-grid c-g6\">\n<div class=\"c-product-intro\">\n<h1 class=\"c-denda\">Canon EOS 550D<\/h1>\n<p class=\"c-strapline c-denda\">Immortalisez les moments importants de votre vie, en photo ou en vid\u00e9o<\/p>\n<p class=\"c-shortdescription\">Immortalisez les moments importants de votre vie dans les moindres d\u00e9tails avec l&#8217;EOS\u00a0550D. Profitez de la libert\u00e9 cr\u00e9ative offerte par l&#8217;EOS\u00a0550D pour saisir sur le vif un coucher de soleil ou l&#8217;action d&#8217;un match de football.<\/p>\n<div class=\"c-content-section\">\n<h2 class=\"c-denda\">Points forts<\/h2>\n<ul class=\"c-circle-list\">\n<li>Capteur CMOS APS-C 18\u00a0millions de pixels<\/li>\n<li>DIGIC\u00a04<\/li>\n<li>ISO 100-6400, extensible \u00e0 12.800<\/li>\n<li>Jusqu&#8217;\u00e0 3,7\u00a0im.\/s en rafale<\/li>\n<li>Vid\u00e9os Full\u00a0HD<\/li>\n<li>\u00c9cran LCD Clear View\u00a03:2 de 7,7\u00a0cm (3\u00a0pouces), 1.040.000\u00a0points<\/li>\n<li>Mesure iFCL<\/li>\n<li>\u00c9cran de contr\u00f4le rapide<\/li>\n<li>Extension Prise microphone<\/li>\n<li>Recadrage vid\u00e9o<\/li>\n<\/ul>\n<\/div>\n<\/div>\n<\/div>\n<div class=\"c-grid c-g3 c-gmp2\"><img decoding=\"async\" class=\"c-product-img\" src=\"https:\/\/www.canon.fr\/Images\/EOS_550D_Extra_tcm79-932860.jpg\" alt=\"EOS 550D\" width=\"200\" \/><\/div>\n<\/div>\n<h2 class=\"c-denda\">Caract\u00e9ristiques principales<\/h2>\n<ul class=\"c-key-features c-clear\">\n<li><img loading=\"lazy\" decoding=\"async\" src=\"https:\/\/www.canon.fr\/Images\/18.0_MP_CMOS_tcm79-937621.jpg\" alt=\"CMOS 18 millions de pixels\" width=\"118\" height=\"60\" \/>CMOS 18 millions de pixels<\/li>\n<li><img loading=\"lazy\" decoding=\"async\" src=\"https:\/\/www.canon.fr\/Images\/ISO_6400_tcm79-936048.jpg\" alt=\"Des prises de vue magnifiques en basse lumi\u00e8re\" width=\"118\" height=\"60\" \/>Des prises de vue magnifiques en basse lumi\u00e8re<\/li>\n<li><img loading=\"lazy\" decoding=\"async\" src=\"https:\/\/www.canon.fr\/Images\/EOS_Movie_Full_HD_tcm79-936042.jpg\" alt=\"Vid\u00e9os 1080p \u00e0 couper le souffle\" width=\"118\" height=\"60\" \/>Vid\u00e9os 1080p \u00e0 couper le souffle<\/li>\n<li><img loading=\"lazy\" decoding=\"async\" src=\"https:\/\/www.canon.fr\/Images\/DIGIC4_tcm79-936035.jpg\" alt=\"Traitement DIGIC puissant\" width=\"118\" height=\"60\" \/>Traitement DIGIC puissant<\/li>\n<li><img loading=\"lazy\" decoding=\"async\" src=\"https:\/\/www.canon.fr\/Images\/LiveView_tcm79-936052.jpg\" alt=\"Composez vos images \u00e0 l'aide du grand \u00e9cran LCD\" width=\"118\" height=\"60\" \/>Composez vos images \u00e0 l&#8217;aide du grand \u00e9cran LCD<\/li>\n<li><img loading=\"lazy\" decoding=\"async\" src=\"https:\/\/www.canon.fr\/Images\/3.7fps_tcm79-937623.jpg\" alt=\"Prise de vue continue\" width=\"118\" height=\"60\" \/>Prise de vue continue<\/li>\n<li><img loading=\"lazy\" decoding=\"async\" src=\"https:\/\/www.canon.fr\/Images\/9_AF_Point_tcm79-936025.jpg\" alt=\"Plusieurs collimateurs AF s\u00e9lectionnables pour des cadrages cr\u00e9atifs\" width=\"118\" height=\"60\" \/>Plusieurs collimateurs AF s\u00e9lectionnables pour des cadrages cr\u00e9atifs<\/li>\n<li><img loading=\"lazy\" decoding=\"async\" src=\"https:\/\/www.canon.fr\/Images\/EICS_tcm79-936041.jpg\" alt=\"Pour des photos toujours exemptes de poussi\u00e8re\" width=\"118\" height=\"60\" \/>Pour des photos toujours exemptes de poussi\u00e8re<\/li>\n<li><img loading=\"lazy\" decoding=\"async\" src=\"https:\/\/www.canon.fr\/Images\/0.1sec_startup_time_tcm79-937618.jpg\" alt=\"Pr\u00eat d\u00e8s que vous l'\u00eates\" width=\"118\" height=\"60\" \/>Pr\u00eat d\u00e8s que vous l&#8217;\u00eates<\/li>\n<li><img loading=\"lazy\" decoding=\"async\" src=\"https:\/\/www.canon.fr\/Images\/Picture_Style_tcm79-937647.jpg\" alt=\"Donnez diff\u00e9rents styles \u00e0 vos photos\" width=\"118\" height=\"60\" \/>Donnez diff\u00e9rents styles \u00e0 vos photos<\/li>\n<li><img loading=\"lazy\" decoding=\"async\" src=\"https:\/\/www.canon.fr\/Images\/EF_Lenses_tcm79-936040.jpg\" alt=\"Gamme d'objectifs la plus large\" width=\"118\" height=\"60\" \/>Gamme d&#8217;objectifs la plus large<\/li>\n<li><img loading=\"lazy\" decoding=\"async\" src=\"https:\/\/www.canon.fr\/Images\/EFS_Lenses_tcm79-937637.jpg\" alt=\"Objectifs con\u00e7us sp\u00e9cifiquement pour les capteurs APS-C\" width=\"118\" height=\"60\" \/>Objectifs con\u00e7us sp\u00e9cifiquement pour les capteurs APS-C<\/li>\n<li><img loading=\"lazy\" decoding=\"async\" src=\"https:\/\/www.canon.fr\/Images\/EOS_System_Accessories_tcm79-937639.jpg\" alt=\"Exp\u00e9rimentez avec le syst\u00e8me EOS\" width=\"118\" height=\"60\" \/>Exp\u00e9rimentez avec le syst\u00e8me EOS<\/li>\n<\/ul>\n<\/div>\n<\/div>\n<\/div>\n<div class=\"c-rule c-content-section c-clear\">\n<h2 class=\"c-denda\">Caract\u00e9ristiques d\u00e9taill\u00e9es<\/h2>\n<div class=\"c-cols2 c-detail-listing c-clear\">\n<div class=\"c-col c-clear c-first\">\n<h3>Capteur CMOS de 18\u00a0millions de pixels<\/h3>\n<p>Parfait pour r\u00e9aliser des tirages grand format ou recadrer des images sans perdre les d\u00e9tails n\u00e9cessaires lors de l&#8217;impression, le capteur CMOS 18\u00a0millions de pixels de l&#8217;EOS\u00a0550D offre d&#8217;excellentes performances en faible lumi\u00e8re et garantit une r\u00e9duction exceptionnelle du niveau de bruit sur vos images.<\/p>\n<\/div>\n<div class=\"c-col c-col2 c-first\">\n<h3>DIGIC\u00a04<\/h3>\n<p>Associ\u00e9 au capteur CMOS, le processeur DIGIC\u00a04 de Canon permet un traitement de l&#8217;image sur 14\u00a0bits pour produire des d\u00e9grad\u00e9s parfaitement homog\u00e8nes et des couleurs au r\u00e9alisme \u00e9clatant. DIGIC\u00a04 permet \u00e9galement l&#8217;ex\u00e9cution d&#8217;une fonction avanc\u00e9e de r\u00e9duction du bruit lors des prises de vue \u00e0 une sensibilit\u00e9 ISO \u00e9lev\u00e9e et assure un temps de d\u00e9marrage de l&#8217;ordre de la fraction de seconde et un d\u00e9lai d&#8217;affichage des photos apr\u00e8s enregistrement quasi-instantan\u00e9.<\/p>\n<\/div>\n<\/div>\n<div class=\"c-cols2 c-detail-listing c-clear\">\n<div class=\"c-col c-clear\">\n<h3>R\u00e9glages de sensibilit\u00e9 ISO \u00e9lev\u00e9e pour les conditions d&#8217;\u00e9clairage faible<\/h3>\n<p>Lorsque le niveau d&#8217;\u00e9clairage baisse et que l&#8217;utilisation du flash doit \u00eatre \u00e9vit\u00e9e, la plage de sensibilit\u00e9s ISO de l&#8217;EOS\u00a0550D peut atteindre 6400, voire 12.800\u00a0ISO.<\/p>\n<\/div>\n<div class=\"c-col c-col2\">\n<h3>Enregistrement de vid\u00e9os en Full\u00a0HD<\/h3>\n<p>L&#8217;EOS\u00a0550D associe des performances exceptionnelles en photographie et une fonction d&#8217;enregistrement vid\u00e9o au format Full\u00a0HD (1080p). Votre cr\u00e9ativit\u00e9 ne conna\u00eetra plus de limites gr\u00e2ce au contr\u00f4le manuel total et aux cadences d&#8217;acquisition s\u00e9lectionnables de l&#8217;EOS\u00a0550D. Si vous souhaitez filmer des sc\u00e8nes tr\u00e8s rapides, vous pouvez \u00e9galement enregistrer des vid\u00e9os cadenc\u00e9es \u00e0 50\/60\u00a0im.\/s au format 720p. Une connexion HDMI permet la lecture en haute d\u00e9finition des s\u00e9quences vid\u00e9o et des photos sur n&#8217;importe quel t\u00e9l\u00e9viseur HD. Avec les t\u00e9l\u00e9viseurs compatibles, la lecture peut \u00eatre contr\u00f4l\u00e9e par la t\u00e9l\u00e9commande.<\/p>\n<\/div>\n<\/div>\n<div class=\"c-cols2 c-detail-listing c-clear\">\n<div class=\"c-col c-clear\">\n<h3>\u00c9cran LCD Clear View\u00a03:2 de 7,7\u00a0cm (3\u00a0pouces)<\/h3>\n<p>Contr\u00f4lez vos photos et vos vid\u00e9os dans les moindres d\u00e9tails gr\u00e2ce \u00e0 l&#8217;\u00e9cran\u00a0LCD Clear View\u00a03:2 de 7,7\u00a0cm (3\u00a0pouces) et \u00e0 la clart\u00e9 exceptionnelle que lui conf\u00e8rent ses 1.040.000\u00a0points. Passez en mode de vis\u00e9e directe et utilisez la vision en temps r\u00e9el pour r\u00e9aliser des prises de vues sous des angles inhabituels.<\/p>\n<\/div>\n<div class=\"c-col c-col2\">\n<h3>Syst\u00e8me de mesure iFCL<\/h3>\n<p>Le nouveau capteur de mesure double couche \u00e0 63\u00a0zones analyse les donn\u00e9es de mise au point, les donn\u00e9es colorim\u00e9triques et de luminance afin de garantir une mesure \u00e0 la fois pr\u00e9cise et coh\u00e9rente.<\/p>\n<\/div>\n<\/div>\n<div class=\"c-cols2 c-detail-listing c-clear\">\n<div class=\"c-col c-clear\">\n<h3>\u00c9cran de contr\u00f4le rapide<\/h3>\n<p>Accessible \u00e0 partir d&#8217;un bouton d\u00e9di\u00e9, cet \u00e9cran permet de faciliter l&#8217;acc\u00e8s aux fonctions couramment utilis\u00e9es, garantissant ainsi une r\u00e9activit\u00e9 sans pareille en toute circonstance.<\/p>\n<\/div>\n<div class=\"c-col c-col2\">\n<h3>Prise microphone externe<\/h3>\n<p>Ajoutez un autre microphone pour obtenir une meilleure qualit\u00e9 de son avec la prise st\u00e9r\u00e9o 3,5\u00a0mm.<\/p>\n<\/div>\n<\/div>\n<div class=\"c-cols2 c-detail-listing c-clear\">\n<div class=\"c-col c-clear\">\n<h3>Recadrage vid\u00e9o<\/h3>\n<p>Enregistrez des s\u00e9quences vid\u00e9o en qualit\u00e9 VGA \u00e0 l&#8217;aide du puissant zoom\u00a07x. Le recadrage vid\u00e9o n&#8217;utilise que la partie centrale du capteur et permet les prises de vues \u00e0 longue distance sans n\u00e9cessiter de changement d&#8217;objectif.<\/p>\n<\/div>\n<div class=\"c-col c-col2\">\n<h3>Cr\u00e9ez votre propre syst\u00e8me de prise de vues<\/h3>\n<p>L&#8217;EOS\u00a0550D est compatible avec toute la gamme d&#8217;objectifs EF et EF-S et avec les flashes Canon Speedlite de la s\u00e9rie\u00a0EX.<\/p>\n<p>&nbsp;<\/p>\n<\/div>\n<\/div>\n<\/div>\n<p>[\/et_pb_text][\/et_pb_column][\/et_pb_row][\/et_pb_section]<\/p>\n","protected":false},"excerpt":{"rendered":"<p>[et_pb_section bb_built=&#8221;1&#8243; admin_label=&#8221;section&#8221;][et_pb_row admin_label=&#8221;row&#8221;][et_pb_column type=&#8221;4_4&#8243;][et_pb_gallery admin_label=&#8221;Galerie&#8221; _builder_version=&#8221;3.0.49&#8243; show_title_and_caption=&#8221;off&#8221; show_pagination=&#8221;on&#8221; gallery_ids=&#8221;487,486,488,489&#8243; fullwidth=&#8221;off&#8221; orientation=&#8221;landscape&#8221; zoom_icon_color=&#8221;#00a8ff&#8221; hover_overlay_color=&#8221;rgba(255,255,255,0.9)&#8221; background_layout=&#8221;light&#8221; border_style=&#8221;solid&#8221; auto=&#8221;off&#8221; \/][et_pb_text admin_label=&#8221;Texte&#8221; _builder_version=&#8221;3.0.49&#8243; background_layout=&#8221;light&#8221; text_orientation=&#8221;left&#8221; border_style=&#8221;solid&#8221;] Canon EOS 550D Immortalisez les moments importants de votre vie, en photo ou en vid\u00e9o Immortalisez les moments importants de votre vie dans les moindres d\u00e9tails avec l&#8217;EOS\u00a0550D. Profitez de la libert\u00e9 [&hellip;]<\/p>\n","protected":false},"author":1,"featured_media":0,"parent":0,"menu_order":0,"comment_status":"closed","ping_status":"closed","template":"","meta":{"footnotes":""},"_links":{"self":[{"href":"https:\/\/mliprod.com\/index.php\/wp-json\/wp\/v2\/pages\/485"}],"collection":[{"href":"https:\/\/mliprod.com\/index.php\/wp-json\/wp\/v2\/pages"}],"about":[{"href":"https:\/\/mliprod.com\/index.php\/wp-json\/wp\/v2\/types\/page"}],"author":[{"embeddable":true,"href":"https:\/\/mliprod.com\/index.php\/wp-json\/wp\/v2\/users\/1"}],"replies":[{"embeddable":true,"href":"https:\/\/mliprod.com\/index.php\/wp-json\/wp\/v2\/comments?post=485"}],"version-history":[{"count":0,"href":"https:\/\/mliprod.com\/index.php\/wp-json\/wp\/v2\/pages\/485\/revisions"}],"wp:attachment":[{"href":"https:\/\/mliprod.com\/index.php\/wp-json\/wp\/v2\/media?parent=485"}],"curies":[{"name":"wp","href":"https:\/\/api.w.org\/{rel}","templated":true}]}}